{"id":1331,"date":"2026-02-26T14:00:14","date_gmt":"2026-02-26T11:00:14","guid":{"rendered":"https:\/\/meatdaysmoked.com\/?page_id=1331"},"modified":"2026-03-04T18:14:14","modified_gmt":"2026-03-04T15:14:14","slug":"rezervasyon","status":"publish","type":"page","link":"https:\/\/www.meatdaysmoked.com\/nl\/rezervasyon\/","title":{"rendered":"Reservering"},"content":{"rendered":"\t\t<div data-elementor-type=\"wp-page\" data-elementor-id=\"1331\" class=\"elementor elementor-1331\" data-elementor-post-type=\"page\">\n\t\t\t\t<div class=\"elementor-element elementor-element-d20fea5 e-flex e-con-boxed elementor-invisible e-con e-parent\" data-id=\"d20fea5\" data-element_type=\"container\" data-e-type=\"container\" data-settings=\"{&quot;background_background&quot;:&quot;classic&quot;,&quot;animation&quot;:&quot;fadeIn&quot;}\">\n\t\t\t\t\t<div class=\"e-con-inner\">\n\t\t<div class=\"elementor-element elementor-element-6ed7bc9 e-con-full e-flex e-con e-child\" data-id=\"6ed7bc9\" data-element_type=\"container\" data-e-type=\"container\" data-settings=\"{&quot;sticky&quot;:&quot;top&quot;,&quot;sticky_on&quot;:[&quot;desktop&quot;],&quot;sticky_offset&quot;:100,&quot;sticky_parent&quot;:&quot;yes&quot;,&quot;sticky_effects_offset&quot;:0,&quot;sticky_anchor_link_offset&quot;:0}\">\n\t\t\t\t<div class=\"elementor-element elementor-element-508fbeb elementor-widget elementor-widget-heading\" data-id=\"508fbeb\" data-element_type=\"widget\" data-e-type=\"widget\" data-widget_type=\"heading.default\">\n\t\t\t\t\t<h1 class=\"elementor-heading-title elementor-size-default\">Rezervasyon<\/h1>\t\t\t\t<\/div>\n\t\t\t\t<div class=\"elementor-element elementor-element-3436302 elementor-widget elementor-widget-text-editor\" data-id=\"3436302\" data-element_type=\"widget\" data-e-type=\"widget\" data-widget_type=\"text-editor.default\">\n\t\t\t\t\t\t\t\t\t<p>G\u00fczel yemekler, payla\u015f\u0131ld\u0131k\u00e7a tatlan\u0131r. Kalabal\u0131k sofralar\u0131n\u0131zda veya \u00f6zel bulu\u015fmalar\u0131n\u0131zda, size en uygun alan\u0131 yaratabilmemiz i\u00e7in rezervasyon formunu doldurarak bize haber verebilirsiniz.<\/p>\t\t\t\t\t\t\t\t<\/div>\n\t\t\t\t<\/div>\n\t\t<div class=\"elementor-element elementor-element-822e479 e-con-full e-flex e-con e-child\" data-id=\"822e479\" data-element_type=\"container\" data-e-type=\"container\">\n\t\t\t\t<div class=\"elementor-element elementor-element-32902c6 elementor-widget elementor-widget-shortcode\" data-id=\"32902c6\" data-element_type=\"widget\" data-e-type=\"widget\" data-widget_type=\"shortcode.default\">\n\t\t\t\t\t\t\t<div class=\"elementor-shortcode\">\n<div class=\"wpcf7 no-js\" id=\"wpcf7-f1070-o1\" lang=\"tr-TR\" dir=\"ltr\" data-wpcf7-id=\"1070\">\n<div class=\"screen-reader-response\"><p role=\"status\" aria-live=\"polite\" aria-atomic=\"true\"><\/p> <ul><\/ul><\/div>\n<form action=\"\/nl\/wp-json\/wp\/v2\/pages\/1331#wpcf7-f1070-o1\" method=\"post\" class=\"wpcf7-form init\" aria-label=\"\u0130leti\u015fim Formu\" novalidate=\"novalidate\" data-status=\"init\">\n<fieldset class=\"hidden-fields-container\"><input type=\"hidden\" name=\"_wpcf7\" value=\"1070\" \/><input type=\"hidden\" name=\"_wpcf7_version\" value=\"6.1.5\" \/><input type=\"hidden\" name=\"_wpcf7_locale\" value=\"tr_TR\" \/><input type=\"hidden\" name=\"_wpcf7_unit_tag\" value=\"wpcf7-f1070-o1\" \/><input type=\"hidden\" name=\"_wpcf7_container_post\" value=\"0\" \/><input type=\"hidden\" name=\"_wpcf7_posted_data_hash\" value=\"\" \/>\n<\/fieldset>\n<!-- Ki\u015fisel Bilgiler -->\n<div class=\"cf7-flex-container\">\n\t<p class=\"cf7-flex-item\"><br \/>\n<span class=\"wpcf7-form-control-wrap\" data-name=\"full-name\"><input size=\"40\" maxlength=\"400\" class=\"wpcf7-form-control wpcf7-text wpcf7-validates-as-required\" aria-required=\"true\" aria-invalid=\"false\" placeholder=\"Ad Soyad\" value=\"\" type=\"text\" name=\"full-name\" \/><\/span>\n\t<\/p>\n\t<p class=\"cf7-flex-item\"><br \/>\n<span class=\"wpcf7-form-control-wrap\" data-name=\"tel-no\"><input size=\"40\" maxlength=\"11\" minlength=\"10\" class=\"wpcf7-form-control wpcf7-tel wpcf7-validates-as-required wpcf7-text wpcf7-validates-as-tel\" aria-required=\"true\" aria-invalid=\"false\" placeholder=\"Telefon\" value=\"\" type=\"tel\" name=\"tel-no\" \/><\/span>\n\t<\/p>\n<\/div>\n\n<!-- Misafir Say\u0131s\u0131 -->\n<p class=\"cf7-flex-item\"><br \/>\n<span class=\"wpcf7-form-control-wrap\" data-name=\"guest-qt\"><input class=\"wpcf7-form-control wpcf7-number wpcf7-validates-as-required wpcf7-validates-as-number\" min=\"1\" max=\"30\" aria-required=\"true\" aria-invalid=\"false\" value=\"1\" type=\"number\" name=\"guest-qt\" \/><\/span>\n<\/p>\n\n<!-- Misafir notlar\u0131 -->\n<p><br \/>\n<span class=\"wpcf7-form-control-wrap\" data-name=\"guest-note\"><textarea cols=\"40\" rows=\"10\" maxlength=\"2000\" class=\"wpcf7-form-control wpcf7-textarea\" aria-invalid=\"false\" placeholder=\"Masan\u0131z\u0131 haz\u0131rlarken bilmemizi istedi\u011finiz bir detay (\u00f6zel bir kutlama, alerji durumu, \u00e7ocuk sandalyesi ihtiyac\u0131 vb.) varsa l\u00fctfen bizimle payla\u015f\u0131n.\" name=\"guest-note\"><\/textarea><\/span>\n<\/p>\n<p><span class=\"wpcf7-form-control-wrap\" data-name=\"consent\"><span class=\"wpcf7-form-control wpcf7-acceptance\"><span class=\"wpcf7-list-item\"><label><input type=\"checkbox\" name=\"consent\" value=\"1\" aria-invalid=\"false\" \/><span class=\"wpcf7-list-item-label\">KVKK metnini okudum ve onayl\u0131yorum.<\/span><\/label><\/span><\/span><\/span>\n<\/p>\n\n<!-- Rezervasyon butonu -->\n<p><input class=\"wpcf7-form-control wpcf7-submit has-spinner\" type=\"submit\" value=\"Rezervasyon Yap\" \/>\n<\/p>\n\n<!-- CSS -->\n<style> .cf7-flex-container{display:flex;gap:25px;flex-wrap:wrap}@media(max-width: 767px){.cf7-flex-container{gap:0}}.cf7-flex-item{flex:1;min-width:200px;margin:0px !important}label+input,label+select,label+textarea{display:block;margin-top:0px}input[type=\"text\"],input[type=\"tel\"],input[type=\"number\"],input[type=\"email\"],select{width:100%;padding:16px 26px;color:#fff;background:#ffffff20;border-radius:50px;border:1px solid #444;-webkit-backdrop-filter:blur(40px);backdrop-filter:blur(40px);font-family:'Inter';box-sizing:border-box}textarea{width:100%;padding:16px 26px;color:#fff;background:#ffffff20;-webkit-backdrop-filter:blur(40px);backdrop-filter:blur(40px);border-radius:20px;border:1px solid #444;box-sizing:border-box;font-family:'Inter';line-height:1.8em}.wpcf7-list-item-label{margin-bottom:10px}.wpcf7-list-item{margin:0px 2px !important;font-family:'Inter'}form.wpcf7-form .wpcf7-submit:not(.active){padding: 16px 26px;width:100%;height:55px;margin-top:10px;font-family:'Poppins';font-weight:600;text-transform:uppercase;background:#ee362f;border:1px solid #ee362f;border-radius:50px;cursor:pointer;transition:all 0.4s ease}form.wpcf7-form .wpcf7-submit:not(.active):hover{background-color:#E21912;border-color:#E21912}.wpcf7-form-control.wpcf7-acceptance{margin:0px}\n<\/style><div class=\"wpcf7-response-output\" aria-hidden=\"true\"><\/div>\n<\/form>\n<\/div>\n<\/div>\n\t\t\t\t\t\t<\/div>\n\t\t\t\t<\/div>\n\t\t\t\t\t<\/div>\n\t\t\t\t<\/div>\n\t\t\t\t<\/div>\n\t\t","protected":false},"excerpt":{"rendered":"<p>Rezervasyon G\u00fczel yemekler, payla\u015f\u0131ld\u0131k\u00e7a tatlan\u0131r. Kalabal\u0131k sofralar\u0131n\u0131zda veya \u00f6zel bulu\u015fmalar\u0131n\u0131zda, size en uygun alan\u0131 yaratabilmemiz i\u00e7in rezervasyon formunu doldurarak bize haber verebilirsiniz. Rezervasyon G\u00fczel yemekler, payla\u015f\u0131ld\u0131k\u00e7a tatlan\u0131r. Kalabal\u0131k sofralar\u0131n\u0131zda veya \u00f6zel bulu\u015fmalar\u0131n\u0131zda, size en uygun alan\u0131 yaratabilmemiz i\u00e7in rezervasyon formunu doldurarak bize haber verebilirsiniz.<\/p>","protected":false},"author":1,"featured_media":0,"parent":0,"menu_order":0,"comment_status":"closed","ping_status":"closed","template":"elementor_header_footer","meta":{"footnotes":""},"class_list":["post-1331","page","type-page","status-publish","hentry"],"aioseo_notices":[],"_links":{"self":[{"href":"https:\/\/www.meatdaysmoked.com\/nl\/wp-json\/wp\/v2\/pages\/1331","targetHints":{"allow":["GET"]}}],"collection":[{"href":"https:\/\/www.meatdaysmoked.com\/nl\/wp-json\/wp\/v2\/pages"}],"about":[{"href":"https:\/\/www.meatdaysmoked.com\/nl\/wp-json\/wp\/v2\/types\/page"}],"author":[{"embeddable":true,"href":"https:\/\/www.meatdaysmoked.com\/nl\/wp-json\/wp\/v2\/users\/1"}],"replies":[{"embeddable":true,"href":"https:\/\/www.meatdaysmoked.com\/nl\/wp-json\/wp\/v2\/comments?post=1331"}],"version-history":[{"count":0,"href":"https:\/\/www.meatdaysmoked.com\/nl\/wp-json\/wp\/v2\/pages\/1331\/revisions"}],"wp:attachment":[{"href":"https:\/\/www.meatdaysmoked.com\/nl\/wp-json\/wp\/v2\/media?parent=1331"}],"curies":[{"name":"wp","href":"https:\/\/api.w.org\/{rel}","templated":true}]}}