{"id":769,"date":"2026-02-25T12:06:35","date_gmt":"2026-02-25T09:06:35","guid":{"rendered":"https:\/\/meatdaysmoked.com\/?page_id=769"},"modified":"2026-03-04T18:13:37","modified_gmt":"2026-03-04T15:13:37","slug":"franchise","status":"publish","type":"page","link":"https:\/\/www.meatdaysmoked.com\/ar\/franchise\/","title":{"rendered":"\u0627\u0644\u0627\u0645\u062a\u064a\u0627\u0632 \u0627\u0644\u062a\u062c\u0627\u0631\u064a"},"content":{"rendered":"\t\t<div data-elementor-type=\"wp-page\" data-elementor-id=\"769\" class=\"elementor elementor-769\" data-elementor-post-type=\"page\">\n\t\t\t\t<div class=\"elementor-element elementor-element-4452a58 e-flex e-con-boxed elementor-invisible e-con e-parent\" data-id=\"4452a58\" data-element_type=\"container\" data-e-type=\"container\" data-settings=\"{&quot;background_background&quot;:&quot;classic&quot;,&quot;animation&quot;:&quot;fadeIn&quot;}\">\n\t\t\t\t\t<div class=\"e-con-inner\">\n\t\t<div class=\"elementor-element elementor-element-5bef081 e-con-full e-flex e-con e-child\" data-id=\"5bef081\" data-element_type=\"container\" data-e-type=\"container\">\n\t\t\t\t<div class=\"elementor-element elementor-element-b9ea08c elementor-widget elementor-widget-heading\" data-id=\"b9ea08c\" data-element_type=\"widget\" data-e-type=\"widget\" data-widget_type=\"heading.default\">\n\t\t\t\t\t<h1 class=\"elementor-heading-title elementor-size-default\">Franchise Ba\u015fvurusu<\/h1>\t\t\t\t<\/div>\n\t\t\t\t<div class=\"elementor-element elementor-element-62310f7 elementor-widget elementor-widget-text-editor\" data-id=\"62310f7\" data-element_type=\"widget\" data-e-type=\"widget\" data-widget_type=\"text-editor.default\">\n\t\t\t\t\t\t\t\t\t<p>Kendine has pi\u015firme tekniklerimiz ve sad\u0131k misafir kitlemizle olu\u015fturdu\u011fumuz bu de\u011feri payla\u015fmaya a\u00e7\u0131\u011f\u0131z. Meat Day Smoked kalitesini kendi i\u015fletmenizde temsil etmek ve kazan\u00e7l\u0131 bir i\u015f birli\u011fine ad\u0131m atmak isterseniz tan\u0131\u015fmaktan memnuniyet duyar\u0131z.<\/p>\t\t\t\t\t\t\t\t<\/div>\n\t\t\t\t<\/div>\n\t\t<div class=\"elementor-element elementor-element-e0f8d2b e-con-full e-flex e-con e-child\" data-id=\"e0f8d2b\" data-element_type=\"container\" data-e-type=\"container\">\n\t\t\t\t<div class=\"elementor-element elementor-element-03caa8c elementor-widget elementor-widget-shortcode\" data-id=\"03caa8c\" data-element_type=\"widget\" data-e-type=\"widget\" data-widget_type=\"shortcode.default\">\n\t\t\t\t\t\t\t<div class=\"elementor-shortcode\">\n<div class=\"wpcf7 no-js\" id=\"wpcf7-f1346-o1\" lang=\"tr-TR\" dir=\"ltr\" data-wpcf7-id=\"1346\">\n<div class=\"screen-reader-response\"><p role=\"status\" aria-live=\"polite\" aria-atomic=\"true\"><\/p> <ul><\/ul><\/div>\n<form action=\"\/ar\/wp-json\/wp\/v2\/pages\/769#wpcf7-f1346-o1\" method=\"post\" class=\"wpcf7-form init\" aria-label=\"\u0130leti\u015fim Formu\" novalidate=\"novalidate\" data-status=\"init\">\n<fieldset class=\"hidden-fields-container\"><input type=\"hidden\" name=\"_wpcf7\" value=\"1346\" \/><input type=\"hidden\" name=\"_wpcf7_version\" value=\"6.1.5\" \/><input type=\"hidden\" name=\"_wpcf7_locale\" value=\"tr_TR\" \/><input type=\"hidden\" name=\"_wpcf7_unit_tag\" value=\"wpcf7-f1346-o1\" \/><input type=\"hidden\" name=\"_wpcf7_container_post\" value=\"0\" \/><input type=\"hidden\" name=\"_wpcf7_posted_data_hash\" value=\"\" \/>\n<\/fieldset>\n<!-- Ki\u015fisel Bilgiler -->\n<div class=\"cf7-flex-container\">\n\t<p class=\"cf7-flex-item\"><br \/>\n<span class=\"wpcf7-form-control-wrap\" data-name=\"full-name\"><input size=\"40\" maxlength=\"400\" class=\"wpcf7-form-control wpcf7-text wpcf7-validates-as-required\" aria-required=\"true\" aria-invalid=\"false\" placeholder=\"Ad Soyad\" value=\"\" type=\"text\" name=\"full-name\" \/><\/span>\n\t<\/p>\n\t<p class=\"cf7-flex-item\"><br \/>\n<span class=\"wpcf7-form-control-wrap\" data-name=\"tel-no\"><input size=\"40\" maxlength=\"11\" minlength=\"10\" class=\"wpcf7-form-control wpcf7-tel wpcf7-validates-as-required wpcf7-text wpcf7-validates-as-tel\" aria-required=\"true\" aria-invalid=\"false\" placeholder=\"Telefon\" value=\"\" type=\"tel\" name=\"tel-no\" \/><\/span>\n\t<\/p>\n<\/div>\n\n<!-- E-posta -->\n<p class=\"cf7-flex-item\"><br \/>\n<span class=\"wpcf7-form-control-wrap\" data-name=\"email-address\"><input size=\"40\" maxlength=\"400\" class=\"wpcf7-form-control wpcf7-email wpcf7-text wpcf7-validates-as-email\" aria-invalid=\"false\" placeholder=\"E-posta\" value=\"\" type=\"email\" name=\"email-address\" \/><\/span>\n<\/p>\n\n<!-- Detayl\u0131 a\u00e7\u0131klama -->\n<p><br \/>\n<span class=\"wpcf7-form-control-wrap\" data-name=\"request-details\"><textarea cols=\"40\" rows=\"10\" maxlength=\"2000\" class=\"wpcf7-form-control wpcf7-textarea\" aria-invalid=\"false\" placeholder=\"Restoranc\u0131l\u0131k tecr\u00fcbeniz, akl\u0131n\u0131zdaki lokasyon veya bu yola neden bizimle \u00e7\u0131kmak istedi\u011finiz gibi detaylar\u0131 tan\u0131\u015fmadan \u00f6nce k\u0131saca duymak isteriz.\" name=\"request-details\"><\/textarea><\/span>\n<\/p>\n<p><span class=\"wpcf7-form-control-wrap\" data-name=\"consent\"><span class=\"wpcf7-form-control wpcf7-acceptance\"><span class=\"wpcf7-list-item\"><label><input type=\"checkbox\" name=\"consent\" value=\"1\" aria-invalid=\"false\" \/><span class=\"wpcf7-list-item-label\">KVKK metnini okudum ve onayl\u0131yorum.<\/span><\/label><\/span><\/span><\/span>\n<\/p>\n\n<!-- \u00d6n ba\u015fvuru butonu -->\n<p><input class=\"wpcf7-form-control wpcf7-submit has-spinner\" type=\"submit\" value=\"\u00d6n Ba\u015fvuru Yap\" \/>\n<\/p>\n\n<!-- CSS -->\n<style> .cf7-flex-container{display:flex;gap:25px;flex-wrap:wrap}@media(max-width: 767px){.cf7-flex-container{gap:0}}.cf7-flex-item{flex:1;min-width:200px;margin:0px !important}label+input,label+select,label+textarea{display:block;margin-top:0px}input[type=\"text\"],input[type=\"tel\"],input[type=\"number\"],input[type=\"email\"],select{width:100%;padding:16px 26px;color:#fff;background:#ffffff20;border-radius:50px;border:1px solid #444;-webkit-backdrop-filter:blur(40px);backdrop-filter:blur(40px);font-family:'Inter';box-sizing:border-box}textarea{width:100%;padding:16px 26px;color:#fff;background:#ffffff20;-webkit-backdrop-filter:blur(40px);backdrop-filter:blur(40px);border-radius:20px;border:1px solid #444;box-sizing:border-box;font-family:'Inter';line-height:1.8em}.wpcf7-list-item-label{margin-bottom:10px}.wpcf7-list-item{margin:0px 2px !important;font-family:'Inter'}form.wpcf7-form .wpcf7-submit:not(.active){padding: 16px 26px;width:100%;height:55px;margin-top:10px;font-family:'Poppins';font-weight:600;text-transform:uppercase;background:#ee362f;border:1px solid #ee362f;border-radius:50px;cursor:pointer;transition:all 0.4s ease}form.wpcf7-form .wpcf7-submit:not(.active):hover{background-color:#E21912;border-color:#E21912}.wpcf7-form-control.wpcf7-acceptance{margin:0px}\n<\/style><div class=\"wpcf7-response-output\" aria-hidden=\"true\"><\/div>\n<\/form>\n<\/div>\n<\/div>\n\t\t\t\t\t\t<\/div>\n\t\t\t\t<\/div>\n\t\t\t\t\t<\/div>\n\t\t\t\t<\/div>\n\t\t\t\t<\/div>\n\t\t","protected":false},"excerpt":{"rendered":"<p>Franchise Ba\u015fvurusu Kendine has pi\u015firme tekniklerimiz ve sad\u0131k misafir kitlemizle olu\u015fturdu\u011fumuz bu de\u011feri payla\u015fmaya a\u00e7\u0131\u011f\u0131z. Meat Day Smoked kalitesini kendi i\u015fletmenizde temsil etmek ve kazan\u00e7l\u0131 bir i\u015f birli\u011fine ad\u0131m atmak isterseniz tan\u0131\u015fmaktan memnuniyet duyar\u0131z. Franchise Ba\u015fvurusu Kendine has pi\u015firme tekniklerimiz ve sad\u0131k misafir kitlemizle olu\u015fturdu\u011fumuz bu de\u011feri payla\u015fmaya a\u00e7\u0131\u011f\u0131z. Meat Day Smoked kalitesini kendi i\u015fletmenizde [&hellip;]<\/p>\n","protected":false},"author":1,"featured_media":0,"parent":0,"menu_order":0,"comment_status":"closed","ping_status":"closed","template":"elementor_header_footer","meta":{"footnotes":""},"class_list":["post-769","page","type-page","status-publish","hentry"],"aioseo_notices":[],"_links":{"self":[{"href":"https:\/\/www.meatdaysmoked.com\/ar\/wp-json\/wp\/v2\/pages\/769","targetHints":{"allow":["GET"]}}],"collection":[{"href":"https:\/\/www.meatdaysmoked.com\/ar\/wp-json\/wp\/v2\/pages"}],"about":[{"href":"https:\/\/www.meatdaysmoked.com\/ar\/wp-json\/wp\/v2\/types\/page"}],"author":[{"embeddable":true,"href":"https:\/\/www.meatdaysmoked.com\/ar\/wp-json\/wp\/v2\/users\/1"}],"replies":[{"embeddable":true,"href":"https:\/\/www.meatdaysmoked.com\/ar\/wp-json\/wp\/v2\/comments?post=769"}],"version-history":[{"count":0,"href":"https:\/\/www.meatdaysmoked.com\/ar\/wp-json\/wp\/v2\/pages\/769\/revisions"}],"wp:attachment":[{"href":"https:\/\/www.meatdaysmoked.com\/ar\/wp-json\/wp\/v2\/media?parent=769"}],"curies":[{"name":"wp","href":"https:\/\/api.w.org\/{rel}","templated":true}]}}