{"id":1527,"date":"2026-03-03T21:48:00","date_gmt":"2026-03-03T18:48:00","guid":{"rendered":"https:\/\/meatdaysmoked.com\/?page_id=1527"},"modified":"2026-03-04T14:31:29","modified_gmt":"2026-03-04T11:31:29","slug":"subeler","status":"publish","type":"page","link":"https:\/\/www.meatdaysmoked.com\/ar\/subeler\/","title":{"rendered":"\u0627\u0644\u0641\u0631\u0648\u0639"},"content":{"rendered":"<div data-elementor-type=\"wp-page\" data-elementor-id=\"1527\" class=\"elementor elementor-1527\" data-elementor-post-type=\"page\">\n\t\t\t\t<div class=\"elementor-element elementor-element-e082a0c e-flex e-con-boxed elementor-invisible e-con e-parent\" data-id=\"e082a0c\" data-element_type=\"container\" data-e-type=\"container\" data-settings=\"{&quot;animation&quot;:&quot;fadeIn&quot;,&quot;background_background&quot;:&quot;classic&quot;}\">\n\t\t\t\t\t<div class=\"e-con-inner\">\n\t\t\t\t<div class=\"elementor-element elementor-element-34bc871 elementor-widget elementor-widget-heading\" data-id=\"34bc871\" data-element_type=\"widget\" data-e-type=\"widget\" data-widget_type=\"heading.default\">\n\t\t\t\t\t<h1 class=\"elementor-heading-title elementor-size-default\">\u0627\u0644\u0641\u0631\u0648\u0639<\/h1>\t\t\t\t<\/div>\n\t\t<div class=\"elementor-element elementor-element-70c7dae e-con-full e-flex e-con e-child\" data-id=\"70c7dae\" data-element_type=\"container\" data-e-type=\"container\">\n\t\t<div class=\"elementor-element elementor-element-91d5228 e-con-full e-flex e-con e-child\" data-id=\"91d5228\" data-element_type=\"container\" data-e-type=\"container\">\n\t\t\t\t<div class=\"elementor-element elementor-element-a848a84 elementor-widget elementor-widget-image\" data-id=\"a848a84\" data-element_type=\"widget\" data-e-type=\"widget\" data-widget_type=\"image.default\">\n\t\t\t\t\t\t\t\t\t\t\t\t\t\t\t<img fetchpriority=\"high\" decoding=\"async\" width=\"960\" height=\"540\" src=\"https:\/\/www.meatdaysmoked.com\/wp-content\/uploads\/2026\/02\/meat-day-smoked-anasayfa-galeri-01.webp\" class=\"attachment-full size-full wp-image-1276\" alt=\"\" srcset=\"https:\/\/www.meatdaysmoked.com\/wp-content\/uploads\/2026\/02\/meat-day-smoked-anasayfa-galeri-01.webp 960w, https:\/\/www.meatdaysmoked.com\/wp-content\/uploads\/2026\/02\/meat-day-smoked-anasayfa-galeri-01-300x169.webp 300w, https:\/\/www.meatdaysmoked.com\/wp-content\/uploads\/2026\/02\/meat-day-smoked-anasayfa-galeri-01-768x432.webp 768w\" sizes=\"(max-width: 960px) 100vw, 960px\" \/>\t\t\t\t\t\t\t\t\t\t\t\t\t\t\t<\/div>\n\t\t\t\t<\/div>\n\t\t<div class=\"elementor-element elementor-element-566478a e-con-full e-flex e-con e-child\" data-id=\"566478a\" data-element_type=\"container\" data-e-type=\"container\">\n\t\t\t\t<div class=\"elementor-element elementor-element-8f8eecb elementor-widget elementor-widget-text-editor\" data-id=\"8f8eecb\" data-element_type=\"widget\" data-e-type=\"widget\" data-widget_type=\"text-editor.default\">\n\t\t\t\t\t\t\t\t\t<p>\u0641\u0631\u0639 \u0648\u0627\u062f\u064a \u0625\u0633\u0637\u0646\u0628\u0648\u0644 \u2013 \u062a\u0631\u0643\u064a\u0627<\/p>\t\t\t\t\t\t\t\t<\/div>\n\t\t\t\t<div class=\"elementor-element elementor-element-09b9b12 elementor-widget elementor-widget-text-editor\" data-id=\"09b9b12\" data-element_type=\"widget\" data-e-type=\"widget\" data-widget_type=\"text-editor.default\">\n\t\t\t\t\t\t\t\t\t<p>Kemerburgaz Cad. Vadistanbul Park Etab\u0131 7F Blok Sar\u0131yer<\/p>\t\t\t\t\t\t\t\t<\/div>\n\t\t\t\t<div class=\"elementor-element elementor-element-a896e1b elementor-icon-list--layout-inline elementor-align-start elementor-hidden-mobile elementor-list-item-link-full_width elementor-widget elementor-widget-icon-list\" data-id=\"a896e1b\" data-element_type=\"widget\" data-e-type=\"widget\" data-widget_type=\"icon-list.default\">\n\t\t\t\t\t\t\t<ul class=\"elementor-icon-list-items elementor-inline-items\">\n\t\t\t\t\t\t\t<li class=\"elementor-icon-list-item elementor-inline-item\">\n\t\t\t\t\t\t\t\t\t\t\t<a href=\"https:\/\/www.google.com\/search?sa=X&#038;sca_esv=73000156de4ea350&#038;sxsrf=ANbL-n465uoGu_geMVvteA99yKnviEWHEg:1772623852376&#038;q=Meat+Day+Vadi+Istanbul+Reviews&#038;rflfq=1&#038;num=20&#038;stick=H4sIAAAAAAAAAONgkxIxNLE0NjQ0NzGxtDQ0NjI1Mbcws9jAyPiKUc43NbFEwSWxUiEsMSVTwbO4JDEvqTRHISi1LDO1vHgRKwEFAElVMapdAAAA&#038;rldimm=14931174499132547868&#038;tbm=lcl&#038;hl=en-TR&#038;ved=2ahUKEwjd8qm4koaTAxUXBNsEHQaZJecQ9fQKegQIWhAG&#038;biw=1920&#038;bih=995&#038;dpr=1#lkt=LocalPoiReviews\" target=\"_blank\">\n\n\t\t\t\t\t\t\t\t\t\t\t\t<span class=\"elementor-icon-list-icon\">\n\t\t\t\t\t\t\t<svg aria-hidden=\"true\" class=\"e-font-icon-svg e-fab-google\" viewbox=\"0 0 488 512\" xmlns=\"http:\/\/www.w3.org\/2000\/svg\"><path d=\"M488 261.8C488 403.3 391.1 504 248 504 110.8 504 0 393.2 0 256S110.8 8 248 8c66.8 0 123 24.5 166.3 64.9l-67.5 64.9C258.5 52.6 94.3 116.6 94.3 256c0 86.5 69.1 156.6 153.7 156.6 98.2 0 135-70.4 140.8-106.9H248v-85.3h236.1c2.3 12.7 3.9 24.9 3.9 41.4z\"><\/path><\/svg>\t\t\t\t\t\t<\/span>\n\t\t\t\t\t\t\t\t\t\t<span class=\"elementor-icon-list-text\">\u062a\u0642\u064a\u064a\u0645\u0627\u062a Google<\/span>\n\t\t\t\t\t\t\t\t\t\t\t<\/a>\n\t\t\t\t\t\t\t\t\t<\/li>\n\t\t\t\t\t\t\t\t<li class=\"elementor-icon-list-item elementor-inline-item\">\n\t\t\t\t\t\t\t\t\t\t\t<a href=\"https:\/\/yandex.com.tr\/maps\/org\/meat_day_vadistanbul\/190553676019\/reviews\/?indoorLevel=0&#038;ll=28.987628%2C41.111019&#038;z=17\" target=\"_blank\">\n\n\t\t\t\t\t\t\t\t\t\t\t\t<span class=\"elementor-icon-list-icon\">\n\t\t\t\t\t\t\t<svg aria-hidden=\"true\" class=\"e-font-icon-svg e-fab-yandex-international\" viewbox=\"0 0 320 512\" xmlns=\"http:\/\/www.w3.org\/2000\/svg\"><path d=\"M129.5 512V345.9L18.5 48h55.8l81.8 229.7L250.2 0h51.3L180.8 347.8V512h-51.3z\"><\/path><\/svg>\t\t\t\t\t\t<\/span>\n\t\t\t\t\t\t\t\t\t\t<span class=\"elementor-icon-list-text\">\u062a\u0642\u064a\u064a\u0645\u0627\u062a Yandex<\/span>\n\t\t\t\t\t\t\t\t\t\t\t<\/a>\n\t\t\t\t\t\t\t\t\t<\/li>\n\t\t\t\t\t\t\t\t<li class=\"elementor-icon-list-item elementor-inline-item\">\n\t\t\t\t\t\t\t\t\t\t\t<a href=\"https:\/\/www.google.com\/maps\/place\/Meat+Day+Vadistanbul\/@41.0585042,28.8522239,12z\/data=!4m7!3m6!1s0x14cab544c6e5a679:0xcf363019242aa31c!8m2!3d41.1109508!4d28.9873786!15sCg9tZWF0IGRheSBzbW9rZWRaESIPbWVhdCBkYXkgc21va2VkkgEPbWVhdF9yZXN0YXVyYW50mgEkQ2hkRFNVaE5NRzluUzBWSlEwRm5TVU5vYmpWbFdIbFJSUkFC4AEA!16s%2Fg%2F11k547fztk?coh=219816&#038;entry=tts&#038;g_ep=EgoyMDI0MDgwNy4wKgBIAVAD\" target=\"_blank\">\n\n\t\t\t\t\t\t\t\t\t\t\t\t<span class=\"elementor-icon-list-icon\">\n\t\t\t\t\t\t\t<svg xmlns=\"http:\/\/www.w3.org\/2000\/svg\" id=\"Outline\" viewbox=\"0 0 24 24\" width=\"512\" height=\"512\"><path d=\"M12,6a4,4,0,1,0,4,4A4,4,0,0,0,12,6Zm0,6a2,2,0,1,1,2-2A2,2,0,0,1,12,12Z\"><\/path><path d=\"M12,24a5.271,5.271,0,0,1-4.311-2.2c-3.811-5.257-5.744-9.209-5.744-11.747a10.055,10.055,0,0,1,20.11,0c0,2.538-1.933,6.49-5.744,11.747A5.271,5.271,0,0,1,12,24ZM12,2.181a7.883,7.883,0,0,0-7.874,7.874c0,2.01,1.893,5.727,5.329,10.466a3.145,3.145,0,0,0,5.09,0c3.436-4.739,5.329-8.456,5.329-10.466A7.883,7.883,0,0,0,12,2.181Z\"><\/path><\/svg>\t\t\t\t\t\t<\/span>\n\t\t\t\t\t\t\t\t\t\t<span class=\"elementor-icon-list-text\">\u0627\u0644\u062e\u0631\u0627\u0626\u0637<\/span>\n\t\t\t\t\t\t\t\t\t\t\t<\/a>\n\t\t\t\t\t\t\t\t\t<\/li>\n\t\t\t\t\t\t<\/ul>\n\t\t\t\t\t\t<\/div>\n\t\t\t\t<div class=\"elementor-element elementor-element-2bf6027 elementor-align-start elementor-hidden-desktop elementor-hidden-tablet elementor-icon-list--layout-traditional elementor-list-item-link-full_width elementor-widget elementor-widget-icon-list\" data-id=\"2bf6027\" data-element_type=\"widget\" data-e-type=\"widget\" data-widget_type=\"icon-list.default\">\n\t\t\t\t\t\t\t<ul class=\"elementor-icon-list-items\">\n\t\t\t\t\t\t\t<li class=\"elementor-icon-list-item\">\n\t\t\t\t\t\t\t\t\t\t\t<a href=\"https:\/\/www.google.com\/search?sa=X&#038;sca_esv=73000156de4ea350&#038;sxsrf=ANbL-n465uoGu_geMVvteA99yKnviEWHEg:1772623852376&#038;q=Meat+Day+Vadi+Istanbul+Reviews&#038;rflfq=1&#038;num=20&#038;stick=H4sIAAAAAAAAAONgkxIxNLE0NjQ0NzGxtDQ0NjI1Mbcws9jAyPiKUc43NbFEwSWxUiEsMSVTwbO4JDEvqTRHISi1LDO1vHgRKwEFAElVMapdAAAA&#038;rldimm=14931174499132547868&#038;tbm=lcl&#038;hl=en-TR&#038;ved=2ahUKEwjd8qm4koaTAxUXBNsEHQaZJecQ9fQKegQIWhAG&#038;biw=1920&#038;bih=995&#038;dpr=1#lkt=LocalPoiReviews\" target=\"_blank\">\n\n\t\t\t\t\t\t\t\t\t\t\t\t<span class=\"elementor-icon-list-icon\">\n\t\t\t\t\t\t\t<svg aria-hidden=\"true\" class=\"e-font-icon-svg e-fab-google\" viewbox=\"0 0 488 512\" xmlns=\"http:\/\/www.w3.org\/2000\/svg\"><path d=\"M488 261.8C488 403.3 391.1 504 248 504 110.8 504 0 393.2 0 256S110.8 8 248 8c66.8 0 123 24.5 166.3 64.9l-67.5 64.9C258.5 52.6 94.3 116.6 94.3 256c0 86.5 69.1 156.6 153.7 156.6 98.2 0 135-70.4 140.8-106.9H248v-85.3h236.1c2.3 12.7 3.9 24.9 3.9 41.4z\"><\/path><\/svg>\t\t\t\t\t\t<\/span>\n\t\t\t\t\t\t\t\t\t\t<span class=\"elementor-icon-list-text\">\u062a\u0642\u064a\u064a\u0645\u0627\u062a Google<\/span>\n\t\t\t\t\t\t\t\t\t\t\t<\/a>\n\t\t\t\t\t\t\t\t\t<\/li>\n\t\t\t\t\t\t\t\t<li class=\"elementor-icon-list-item\">\n\t\t\t\t\t\t\t\t\t\t\t<a href=\"https:\/\/yandex.com.tr\/maps\/org\/meat_day_vadistanbul\/190553676019\/reviews\/?indoorLevel=0&#038;ll=28.987628%2C41.111019&#038;z=17\" target=\"_blank\">\n\n\t\t\t\t\t\t\t\t\t\t\t\t<span class=\"elementor-icon-list-icon\">\n\t\t\t\t\t\t\t<svg aria-hidden=\"true\" class=\"e-font-icon-svg e-fab-yandex-international\" viewbox=\"0 0 320 512\" xmlns=\"http:\/\/www.w3.org\/2000\/svg\"><path d=\"M129.5 512V345.9L18.5 48h55.8l81.8 229.7L250.2 0h51.3L180.8 347.8V512h-51.3z\"><\/path><\/svg>\t\t\t\t\t\t<\/span>\n\t\t\t\t\t\t\t\t\t\t<span class=\"elementor-icon-list-text\">\u062a\u0642\u064a\u064a\u0645\u0627\u062a Yandex<\/span>\n\t\t\t\t\t\t\t\t\t\t\t<\/a>\n\t\t\t\t\t\t\t\t\t<\/li>\n\t\t\t\t\t\t\t\t<li class=\"elementor-icon-list-item\">\n\t\t\t\t\t\t\t\t\t\t\t<a href=\"https:\/\/www.google.com\/maps\/place\/Meat+Day+Vadistanbul\/@41.0585042,28.8522239,12z\/data=!4m7!3m6!1s0x14cab544c6e5a679:0xcf363019242aa31c!8m2!3d41.1109508!4d28.9873786!15sCg9tZWF0IGRheSBzbW9rZWRaESIPbWVhdCBkYXkgc21va2VkkgEPbWVhdF9yZXN0YXVyYW50mgEkQ2hkRFNVaE5NRzluUzBWSlEwRm5TVU5vYmpWbFdIbFJSUkFC4AEA!16s%2Fg%2F11k547fztk?coh=219816&#038;entry=tts&#038;g_ep=EgoyMDI0MDgwNy4wKgBIAVAD\" target=\"_blank\">\n\n\t\t\t\t\t\t\t\t\t\t\t\t<span class=\"elementor-icon-list-icon\">\n\t\t\t\t\t\t\t<svg xmlns=\"http:\/\/www.w3.org\/2000\/svg\" id=\"Outline\" viewbox=\"0 0 24 24\" width=\"512\" height=\"512\"><path d=\"M12,6a4,4,0,1,0,4,4A4,4,0,0,0,12,6Zm0,6a2,2,0,1,1,2-2A2,2,0,0,1,12,12Z\"><\/path><path d=\"M12,24a5.271,5.271,0,0,1-4.311-2.2c-3.811-5.257-5.744-9.209-5.744-11.747a10.055,10.055,0,0,1,20.11,0c0,2.538-1.933,6.49-5.744,11.747A5.271,5.271,0,0,1,12,24ZM12,2.181a7.883,7.883,0,0,0-7.874,7.874c0,2.01,1.893,5.727,5.329,10.466a3.145,3.145,0,0,0,5.09,0c3.436-4.739,5.329-8.456,5.329-10.466A7.883,7.883,0,0,0,12,2.181Z\"><\/path><\/svg>\t\t\t\t\t\t<\/span>\n\t\t\t\t\t\t\t\t\t\t<span class=\"elementor-icon-list-text\">\u0627\u0644\u062e\u0631\u0627\u0626\u0637<\/span>\n\t\t\t\t\t\t\t\t\t\t\t<\/a>\n\t\t\t\t\t\t\t\t\t<\/li>\n\t\t\t\t\t\t<\/ul>\n\t\t\t\t\t\t<\/div>\n\t\t\t\t<\/div>\n\t\t\t\t<\/div>\n\t\t<div class=\"elementor-element elementor-element-54edaf8 e-con-full e-flex e-con e-child\" data-id=\"54edaf8\" data-element_type=\"container\" data-e-type=\"container\">\n\t\t<div class=\"elementor-element elementor-element-d26d0b6 e-con-full e-flex e-con e-child\" data-id=\"d26d0b6\" data-element_type=\"container\" data-e-type=\"container\">\n\t\t\t\t<div class=\"elementor-element elementor-element-39426ce elementor-widget elementor-widget-text-editor\" data-id=\"39426ce\" data-element_type=\"widget\" data-e-type=\"widget\" data-widget_type=\"text-editor.default\">\n\t\t\t\t\t\t\t\t\t<p>\u0641\u0631\u0639 \u0644\u0627\u0647\u0627\u064a \u2013 \u0647\u0648\u0644\u0646\u062f\u0627<\/p>\t\t\t\t\t\t\t\t<\/div>\n\t\t\t\t<div class=\"elementor-element elementor-element-9010641 elementor-widget elementor-widget-text-editor\" data-id=\"9010641\" data-element_type=\"widget\" data-e-type=\"widget\" data-widget_type=\"text-editor.default\">\n\t\t\t\t\t\t\t\t\tDr. Lelykade 25\n2583 CL Den Haag\t\t\t\t\t\t\t\t<\/div>\n\t\t\t\t<div class=\"elementor-element elementor-element-ecc6288 elementor-icon-list--layout-inline elementor-align-start elementor-hidden-mobile elementor-list-item-link-full_width elementor-widget elementor-widget-icon-list\" data-id=\"ecc6288\" data-element_type=\"widget\" data-e-type=\"widget\" data-widget_type=\"icon-list.default\">\n\t\t\t\t\t\t\t<ul class=\"elementor-icon-list-items elementor-inline-items\">\n\t\t\t\t\t\t\t<li class=\"elementor-icon-list-item elementor-inline-item\">\n\t\t\t\t\t\t\t\t\t\t\t<a href=\"https:\/\/meatday.nl\/\" target=\"_blank\">\n\n\t\t\t\t\t\t\t\t\t\t\t\t<span class=\"elementor-icon-list-icon\">\n\t\t\t\t\t\t\t<svg xmlns=\"http:\/\/www.w3.org\/2000\/svg\" id=\"Outline\" viewbox=\"0 0 24 24\" width=\"512\" height=\"512\"><path d=\"M12,0A12,12,0,1,0,24,12,12.013,12.013,0,0,0,12,0Zm8.647,7H17.426a19.676,19.676,0,0,0-2.821-4.644A10.031,10.031,0,0,1,20.647,7ZM16.5,12a10.211,10.211,0,0,1-.476,3H7.976A10.211,10.211,0,0,1,7.5,12a10.211,10.211,0,0,1,.476-3h8.048A10.211,10.211,0,0,1,16.5,12ZM8.778,17h6.444A19.614,19.614,0,0,1,12,21.588,19.57,19.57,0,0,1,8.778,17Zm0-10A19.614,19.614,0,0,1,12,2.412,19.57,19.57,0,0,1,15.222,7ZM9.4,2.356A19.676,19.676,0,0,0,6.574,7H3.353A10.031,10.031,0,0,1,9.4,2.356ZM2.461,9H5.9a12.016,12.016,0,0,0-.4,3,12.016,12.016,0,0,0,.4,3H2.461a9.992,9.992,0,0,1,0-6Zm.892,8H6.574A19.676,19.676,0,0,0,9.4,21.644,10.031,10.031,0,0,1,3.353,17Zm11.252,4.644A19.676,19.676,0,0,0,17.426,17h3.221A10.031,10.031,0,0,1,14.605,21.644ZM21.539,15H18.1a12.016,12.016,0,0,0,.4-3,12.016,12.016,0,0,0-.4-3h3.437a9.992,9.992,0,0,1,0,6Z\"><\/path><\/svg>\t\t\t\t\t\t<\/span>\n\t\t\t\t\t\t\t\t\t\t<span class=\"elementor-icon-list-text\">\u0627\u0644\u0645\u0648\u0642\u0639 \u0627\u0644\u0625\u0644\u0643\u062a\u0631\u0648\u0646\u064a<\/span>\n\t\t\t\t\t\t\t\t\t\t\t<\/a>\n\t\t\t\t\t\t\t\t\t<\/li>\n\t\t\t\t\t\t\t\t<li class=\"elementor-icon-list-item elementor-inline-item\">\n\t\t\t\t\t\t\t\t\t\t\t<a href=\"https:\/\/www.google.com\/maps\/place\/Dr.+Lelykade+25,+2583+CL+Den+Haag,+Netherlands\/@52.0950412,4.2655867,17z\/data=!3m1!4b1!4m6!3m5!1s0x47c5b0948fcb13b7:0x44b9bc2c74f70d61!8m2!3d52.0950412!4d4.2655867!16s%252Fg%252F11nnklstrt?entry=ttu&#038;g_ep=EgoyMDI2MDIyNS4wIKXMDSo\" target=\"_blank\">\n\n\t\t\t\t\t\t\t\t\t\t\t\t<span class=\"elementor-icon-list-icon\">\n\t\t\t\t\t\t\t<svg xmlns=\"http:\/\/www.w3.org\/2000\/svg\" id=\"Outline\" viewbox=\"0 0 24 24\" width=\"512\" height=\"512\"><path d=\"M12,6a4,4,0,1,0,4,4A4,4,0,0,0,12,6Zm0,6a2,2,0,1,1,2-2A2,2,0,0,1,12,12Z\"><\/path><path d=\"M12,24a5.271,5.271,0,0,1-4.311-2.2c-3.811-5.257-5.744-9.209-5.744-11.747a10.055,10.055,0,0,1,20.11,0c0,2.538-1.933,6.49-5.744,11.747A5.271,5.271,0,0,1,12,24ZM12,2.181a7.883,7.883,0,0,0-7.874,7.874c0,2.01,1.893,5.727,5.329,10.466a3.145,3.145,0,0,0,5.09,0c3.436-4.739,5.329-8.456,5.329-10.466A7.883,7.883,0,0,0,12,2.181Z\"><\/path><\/svg>\t\t\t\t\t\t<\/span>\n\t\t\t\t\t\t\t\t\t\t<span class=\"elementor-icon-list-text\">\u0627\u0644\u062e\u0631\u0627\u0626\u0637<\/span>\n\t\t\t\t\t\t\t\t\t\t\t<\/a>\n\t\t\t\t\t\t\t\t\t<\/li>\n\t\t\t\t\t\t<\/ul>\n\t\t\t\t\t\t<\/div>\n\t\t\t\t<div class=\"elementor-element elementor-element-4f8a728 elementor-align-start elementor-hidden-desktop elementor-hidden-tablet elementor-icon-list--layout-traditional elementor-list-item-link-full_width elementor-widget elementor-widget-icon-list\" data-id=\"4f8a728\" data-element_type=\"widget\" data-e-type=\"widget\" data-widget_type=\"icon-list.default\">\n\t\t\t\t\t\t\t<ul class=\"elementor-icon-list-items\">\n\t\t\t\t\t\t\t<li class=\"elementor-icon-list-item\">\n\t\t\t\t\t\t\t\t\t\t\t<a href=\"https:\/\/meatday.nl\/\" target=\"_blank\">\n\n\t\t\t\t\t\t\t\t\t\t\t\t<span class=\"elementor-icon-list-icon\">\n\t\t\t\t\t\t\t<svg xmlns=\"http:\/\/www.w3.org\/2000\/svg\" id=\"Outline\" viewbox=\"0 0 24 24\" width=\"512\" height=\"512\"><path d=\"M12,0A12,12,0,1,0,24,12,12.013,12.013,0,0,0,12,0Zm8.647,7H17.426a19.676,19.676,0,0,0-2.821-4.644A10.031,10.031,0,0,1,20.647,7ZM16.5,12a10.211,10.211,0,0,1-.476,3H7.976A10.211,10.211,0,0,1,7.5,12a10.211,10.211,0,0,1,.476-3h8.048A10.211,10.211,0,0,1,16.5,12ZM8.778,17h6.444A19.614,19.614,0,0,1,12,21.588,19.57,19.57,0,0,1,8.778,17Zm0-10A19.614,19.614,0,0,1,12,2.412,19.57,19.57,0,0,1,15.222,7ZM9.4,2.356A19.676,19.676,0,0,0,6.574,7H3.353A10.031,10.031,0,0,1,9.4,2.356ZM2.461,9H5.9a12.016,12.016,0,0,0-.4,3,12.016,12.016,0,0,0,.4,3H2.461a9.992,9.992,0,0,1,0-6Zm.892,8H6.574A19.676,19.676,0,0,0,9.4,21.644,10.031,10.031,0,0,1,3.353,17Zm11.252,4.644A19.676,19.676,0,0,0,17.426,17h3.221A10.031,10.031,0,0,1,14.605,21.644ZM21.539,15H18.1a12.016,12.016,0,0,0,.4-3,12.016,12.016,0,0,0-.4-3h3.437a9.992,9.992,0,0,1,0,6Z\"><\/path><\/svg>\t\t\t\t\t\t<\/span>\n\t\t\t\t\t\t\t\t\t\t<span class=\"elementor-icon-list-text\">\u0627\u0644\u0645\u0648\u0642\u0639 \u0627\u0644\u0625\u0644\u0643\u062a\u0631\u0648\u0646\u064a<\/span>\n\t\t\t\t\t\t\t\t\t\t\t<\/a>\n\t\t\t\t\t\t\t\t\t<\/li>\n\t\t\t\t\t\t\t\t<li class=\"elementor-icon-list-item\">\n\t\t\t\t\t\t\t\t\t\t\t<a href=\"https:\/\/www.google.com\/maps\/place\/Dr.+Lelykade+25,+2583+CL+Den+Haag,+Netherlands\/@52.0950412,4.2655867,17z\/data=!3m1!4b1!4m6!3m5!1s0x47c5b0948fcb13b7:0x44b9bc2c74f70d61!8m2!3d52.0950412!4d4.2655867!16s%252Fg%252F11nnklstrt?entry=ttu&#038;g_ep=EgoyMDI2MDIyNS4wIKXMDSo\" target=\"_blank\">\n\n\t\t\t\t\t\t\t\t\t\t\t\t<span class=\"elementor-icon-list-icon\">\n\t\t\t\t\t\t\t<svg xmlns=\"http:\/\/www.w3.org\/2000\/svg\" id=\"Outline\" viewbox=\"0 0 24 24\" width=\"512\" height=\"512\"><path d=\"M12,6a4,4,0,1,0,4,4A4,4,0,0,0,12,6Zm0,6a2,2,0,1,1,2-2A2,2,0,0,1,12,12Z\"><\/path><path d=\"M12,24a5.271,5.271,0,0,1-4.311-2.2c-3.811-5.257-5.744-9.209-5.744-11.747a10.055,10.055,0,0,1,20.11,0c0,2.538-1.933,6.49-5.744,11.747A5.271,5.271,0,0,1,12,24ZM12,2.181a7.883,7.883,0,0,0-7.874,7.874c0,2.01,1.893,5.727,5.329,10.466a3.145,3.145,0,0,0,5.09,0c3.436-4.739,5.329-8.456,5.329-10.466A7.883,7.883,0,0,0,12,2.181Z\"><\/path><\/svg>\t\t\t\t\t\t<\/span>\n\t\t\t\t\t\t\t\t\t\t<span class=\"elementor-icon-list-text\">\u0627\u0644\u062e\u0631\u0627\u0626\u0637<\/span>\n\t\t\t\t\t\t\t\t\t\t\t<\/a>\n\t\t\t\t\t\t\t\t\t<\/li>\n\t\t\t\t\t\t<\/ul>\n\t\t\t\t\t\t<\/div>\n\t\t\t\t<\/div>\n\t\t<div class=\"elementor-element elementor-element-18eaf96 e-con-full e-flex e-con e-child\" data-id=\"18eaf96\" data-element_type=\"container\" data-e-type=\"container\">\n\t\t\t\t<div class=\"elementor-element elementor-element-8bb84c7 elementor-widget elementor-widget-image\" data-id=\"8bb84c7\" data-element_type=\"widget\" data-e-type=\"widget\" data-widget_type=\"image.default\">\n\t\t\t\t\t\t\t\t\t\t\t\t\t\t\t<img decoding=\"async\" width=\"960\" height=\"540\" src=\"https:\/\/www.meatdaysmoked.com\/wp-content\/uploads\/2026\/03\/meat-day-smoked-lahey-hollanda-subesi.webp\" class=\"attachment-full size-full wp-image-1601\" alt=\"\" srcset=\"https:\/\/www.meatdaysmoked.com\/wp-content\/uploads\/2026\/03\/meat-day-smoked-lahey-hollanda-subesi.webp 960w, https:\/\/www.meatdaysmoked.com\/wp-content\/uploads\/2026\/03\/meat-day-smoked-lahey-hollanda-subesi-300x169.webp 300w, https:\/\/www.meatdaysmoked.com\/wp-content\/uploads\/2026\/03\/meat-day-smoked-lahey-hollanda-subesi-768x432.webp 768w, https:\/\/www.meatdaysmoked.com\/wp-content\/uploads\/2026\/03\/meat-day-smoked-lahey-hollanda-subesi-18x10.webp 18w\" sizes=\"(max-width: 960px) 100vw, 960px\" \/>\t\t\t\t\t\t\t\t\t\t\t\t\t\t\t<\/div>\n\t\t\t\t<\/div>\n\t\t\t\t<\/div>\n\t\t\t\t\t<\/div>\n\t\t\t\t<\/div>\n\t\t\t\t<\/div>","protected":false},"excerpt":{"rendered":"<p>\u015eubeler Vadistanbul \u015eubesi &#8211; T\u00fcrkiye Kemerburgaz Cad. Vadistanbul Park Etab\u0131 7F Blok Sar\u0131yer Google Yorumlar\u0131 Yandex Yorumlar\u0131 Haritalar Google Yorumlar\u0131 Yandex Yorumlar\u0131 Haritalar Lahey \u015eubesi &#8211; Hollanda Dr. Lelykade 25 2583 CL Den Haag Web Sitesi Haritalar Web Sitesi Haritalar<\/p>","protected":false},"author":1,"featured_media":0,"parent":0,"menu_order":0,"comment_status":"closed","ping_status":"closed","template":"elementor_header_footer","meta":{"footnotes":""},"class_list":["post-1527","page","type-page","status-publish","hentry"],"aioseo_notices":[],"_links":{"self":[{"href":"https:\/\/www.meatdaysmoked.com\/ar\/wp-json\/wp\/v2\/pages\/1527","targetHints":{"allow":["GET"]}}],"collection":[{"href":"https:\/\/www.meatdaysmoked.com\/ar\/wp-json\/wp\/v2\/pages"}],"about":[{"href":"https:\/\/www.meatdaysmoked.com\/ar\/wp-json\/wp\/v2\/types\/page"}],"author":[{"embeddable":true,"href":"https:\/\/www.meatdaysmoked.com\/ar\/wp-json\/wp\/v2\/users\/1"}],"replies":[{"embeddable":true,"href":"https:\/\/www.meatdaysmoked.com\/ar\/wp-json\/wp\/v2\/comments?post=1527"}],"version-history":[{"count":0,"href":"https:\/\/www.meatdaysmoked.com\/ar\/wp-json\/wp\/v2\/pages\/1527\/revisions"}],"wp:attachment":[{"href":"https:\/\/www.meatdaysmoked.com\/ar\/wp-json\/wp\/v2\/media?parent=1527"}],"curies":[{"name":"wp","href":"https:\/\/api.w.org\/{rel}","templated":true}]}}