{"id":1525,"date":"2026-03-03T21:47:46","date_gmt":"2026-03-03T18:47:46","guid":{"rendered":"https:\/\/meatdaysmoked.com\/?page_id=1525"},"modified":"2026-03-04T13:27:46","modified_gmt":"2026-03-04T10:27:46","slug":"kvkk","status":"publish","type":"page","link":"https:\/\/www.meatdaysmoked.com\/ar\/kvkk\/","title":{"rendered":"\u062d\u0645\u0627\u064a\u0629 \u0627\u0644\u0628\u064a\u0627\u0646\u0627\u062a \u0627\u0644\u0634\u062e\u0635\u064a\u0629"},"content":{"rendered":"\t\t<div data-elementor-type=\"wp-page\" data-elementor-id=\"1525\" class=\"elementor elementor-1525\" data-elementor-post-type=\"page\">\n\t\t\t\t<div class=\"elementor-element elementor-element-0a68213 e-flex e-con-boxed elementor-invisible e-con e-parent\" data-id=\"0a68213\" data-element_type=\"container\" data-e-type=\"container\" data-settings=\"{&quot;animation&quot;:&quot;fadeIn&quot;,&quot;background_background&quot;:&quot;classic&quot;}\">\n\t\t\t\t\t<div class=\"e-con-inner\">\n\t\t\t\t<div class=\"elementor-element elementor-element-8e38027 elementor-widget elementor-widget-heading\" data-id=\"8e38027\" data-element_type=\"widget\" data-e-type=\"widget\" data-widget_type=\"heading.default\">\n\t\t\t\t\t<h1 class=\"elementor-heading-title elementor-size-default\">K\u0130\u015e\u0130SEL VER\u0130LER\u0130N KORUNMASI VE \u0130\u015eLENMES\u0130 AYDINLATMA METN\u0130<\/h1>\t\t\t\t<\/div>\n\t\t\t\t<div class=\"elementor-element elementor-element-977311d elementor-widget elementor-widget-text-editor\" data-id=\"977311d\" data-element_type=\"widget\" data-e-type=\"widget\" data-widget_type=\"text-editor.default\">\n\t\t\t\t\t\t\t\t\t<p data-path-to-node=\"4\"><b data-path-to-node=\"4\" data-index-in-node=\"0\">Meat Day Smoked<\/b> (Bundan sonra [<strong>\u015eirket<\/strong>] olarak an\u0131lacakt\u0131r) olarak, ki\u015fisel verilerinizin g\u00fcvenli\u011fi hususuna azami hassasiyet g\u00f6stermekteyiz. 6698 say\u0131l\u0131 Ki\u015fisel Verilerin Korunmas\u0131 Kanunu [<strong>KVKK<\/strong>] uyar\u0131nca, veri sorumlusu s\u0131fat\u0131yla, ki\u015fisel verilerinizi a\u015fa\u011f\u0131da a\u00e7\u0131klanan \u00e7er\u00e7evede i\u015flemekteyiz.<\/p><h3 data-path-to-node=\"5\">1. Ki\u015fisel Verilerin Toplanma Y\u00f6ntemi ve Hukuki Sebebi<\/h3><p data-path-to-node=\"6\">Ki\u015fisel verileriniz, web sitemizdeki rezervasyon ve franchise formlar\u0131, ileti\u015fim kanallar\u0131m\u0131z, \u00e7erezler ve idari s\u00fcre\u00e7ler arac\u0131l\u0131\u011f\u0131yla; s\u00f6zle\u015fmelerin kurulmas\u0131, hukuki y\u00fck\u00fcml\u00fcl\u00fcklerin yerine getirilmesi ve \u015eirketimizin me\u015fru menfaatleri gibi hukuki sebeplere dayanarak toplanmaktad\u0131r.<\/p><h3 data-path-to-node=\"7\">2. Ki\u015fisel Verilerin \u0130\u015flenme Ama\u00e7lar\u0131<\/h3><p data-path-to-node=\"8\">Toplanan ki\u015fisel verileriniz;<\/p><ul data-path-to-node=\"9\"><li><p data-path-to-node=\"9,0,0\">Rezervasyon taleplerinizin y\u00f6netilmesi ve do\u011frulanmas\u0131,<\/p><\/li><li><p data-path-to-node=\"9,1,0\">Franchise ba\u015fvuru s\u00fcre\u00e7lerinin de\u011ferlendirilmesi ve sonu\u00e7land\u0131r\u0131lmas\u0131,<\/p><\/li><li><p data-path-to-node=\"9,2,0\">Misafir memnuniyetinin \u00f6l\u00e7\u00fclmesi ve hizmet kalitemizin art\u0131r\u0131lmas\u0131,<\/p><\/li><li><p data-path-to-node=\"9,3,0\">Yasal mevzuattan kaynaklanan bilgi saklama ve raporlama y\u00fck\u00fcml\u00fcl\u00fcklerinin yerine getirilmesi,<\/p><\/li><li><p data-path-to-node=\"9,4,0\">Sizlere sundu\u011fumuz lezzetler ve etkinlikler hakk\u0131nda onay\u0131n\u0131z dahilinde bilgilendirme yap\u0131lmas\u0131 ama\u00e7lar\u0131yla i\u015flenmektedir.<\/p><\/li><\/ul><h3 data-path-to-node=\"10\">3. \u0130\u015flenen Ki\u015fisel Verilerin Aktar\u0131m\u0131<\/h3><p data-path-to-node=\"11\">Ki\u015fisel verileriniz; yukar\u0131da belirtilen ama\u00e7lar\u0131n ger\u00e7ekle\u015ftirilmesi do\u011frultusunda, yasal y\u00fck\u00fcml\u00fcl\u00fcklerimizin gerektirdi\u011fi \u00f6l\u00e7\u00fcde yetkili kamu kurum ve kurulu\u015flar\u0131na (BTK, Gelir \u0130daresi vb.) ve operasyonel s\u00fcre\u00e7lerin y\u00fcr\u00fct\u00fclmesi ad\u0131na i\u015f ortaklar\u0131m\u0131za (bulut bili\u015fim, yaz\u0131l\u0131m deste\u011fi vb.) KVKK\u2019n\u0131n 8. ve 9. maddelerine uygun olarak aktar\u0131labilecektir.<\/p><h3 data-path-to-node=\"12\">4. Ki\u015fisel Veri Sahibinin Haklar\u0131<\/h3><p data-path-to-node=\"13\">KVKK\u2019nin 11. maddesi uyar\u0131nca bize ba\u015fvurarak;<\/p><ul data-path-to-node=\"14\"><li><p data-path-to-node=\"14,0,0\">Verilerinizin i\u015flenip i\u015flenmedi\u011fini \u00f6\u011frenme,<\/p><\/li><li><p data-path-to-node=\"14,1,0\">\u0130\u015flenmi\u015fse bilgi talep etme,<\/p><\/li><li><p data-path-to-node=\"14,2,0\">\u0130\u015flenme amac\u0131na uygun kullan\u0131l\u0131p kullan\u0131lmad\u0131\u011f\u0131n\u0131 \u00f6\u011frenme,<\/p><\/li><li><p data-path-to-node=\"14,3,0\">Eksik veya yanl\u0131\u015f i\u015flenmi\u015fse d\u00fczeltilmesini isteme,<\/p><\/li><li><p data-path-to-node=\"14,4,0\">Verilerin silinmesini veya yok edilmesini isteme haklar\u0131na sahipsiniz.<\/p><\/li><\/ul><h3 data-path-to-node=\"15\">5. Veri Sorumlusu ve \u0130leti\u015fim<\/h3><p data-path-to-node=\"16\">Haklar\u0131n\u0131z\u0131 kullanmak i\u00e7in kimli\u011finizi teyit edici belgelerle birlikte; <b data-path-to-node=\"16\" data-index-in-node=\"72\">Vadistanbul Park Etab\u0131 7F Blok<\/b> adresine yaz\u0131l\u0131 olarak veya <b data-path-to-node=\"16\" data-index-in-node=\"131\">info@meatdaysmoked.com<\/b> adresine g\u00fcvenli elektronik imza\/kay\u0131tl\u0131 e-posta arac\u0131l\u0131\u011f\u0131yla ba\u015fvuruda bulunabilirsiniz.<\/p>\t\t\t\t\t\t\t\t<\/div>\n\t\t\t\t\t<\/div>\n\t\t\t\t<\/div>\n\t\t\t\t<\/div>\n\t\t","protected":false},"excerpt":{"rendered":"<p>K\u0130\u015e\u0130SEL VER\u0130LER\u0130N KORUNMASI VE \u0130\u015eLENMES\u0130 AYDINLATMA METN\u0130 Meat Day Smoked (Bundan sonra [\u015eirket] olarak an\u0131lacakt\u0131r) olarak, ki\u015fisel verilerinizin g\u00fcvenli\u011fi hususuna azami hassasiyet g\u00f6stermekteyiz. 6698 say\u0131l\u0131 Ki\u015fisel Verilerin Korunmas\u0131 Kanunu [KVKK] uyar\u0131nca, veri sorumlusu s\u0131fat\u0131yla, ki\u015fisel verilerinizi a\u015fa\u011f\u0131da a\u00e7\u0131klanan \u00e7er\u00e7evede i\u015flemekteyiz. 1. Ki\u015fisel Verilerin Toplanma Y\u00f6ntemi ve Hukuki Sebebi Ki\u015fisel verileriniz, web sitemizdeki rezervasyon ve franchise [&hellip;]<\/p>\n","protected":false},"author":1,"featured_media":0,"parent":0,"menu_order":0,"comment_status":"closed","ping_status":"closed","template":"elementor_header_footer","meta":{"footnotes":""},"class_list":["post-1525","page","type-page","status-publish","hentry"],"aioseo_notices":[],"_links":{"self":[{"href":"https:\/\/www.meatdaysmoked.com\/ar\/wp-json\/wp\/v2\/pages\/1525","targetHints":{"allow":["GET"]}}],"collection":[{"href":"https:\/\/www.meatdaysmoked.com\/ar\/wp-json\/wp\/v2\/pages"}],"about":[{"href":"https:\/\/www.meatdaysmoked.com\/ar\/wp-json\/wp\/v2\/types\/page"}],"author":[{"embeddable":true,"href":"https:\/\/www.meatdaysmoked.com\/ar\/wp-json\/wp\/v2\/users\/1"}],"replies":[{"embeddable":true,"href":"https:\/\/www.meatdaysmoked.com\/ar\/wp-json\/wp\/v2\/comments?post=1525"}],"version-history":[{"count":0,"href":"https:\/\/www.meatdaysmoked.com\/ar\/wp-json\/wp\/v2\/pages\/1525\/revisions"}],"wp:attachment":[{"href":"https:\/\/www.meatdaysmoked.com\/ar\/wp-json\/wp\/v2\/media?parent=1525"}],"curies":[{"name":"wp","href":"https:\/\/api.w.org\/{rel}","templated":true}]}}